{"id":246,"date":"2021-03-15T21:42:42","date_gmt":"2021-03-16T00:42:42","guid":{"rendered":"https:\/\/www.sri.uff.br\/form\/?page_id=246"},"modified":"2021-09-28T02:54:04","modified_gmt":"2021-09-28T05:54:04","slug":"enrollment-portuguese-for-foreigners","status":"publish","type":"page","link":"https:\/\/www.sri.uff.br\/form\/en\/enrollment-portuguese-for-foreigners\/","title":{"rendered":"Enrollment Portuguese for Foreigners"},"content":{"rendered":"<div class=\"et_pb_with_border et_d4_element et_pb_section et_pb_section_0 et_pb_with_background  et_pb_css_mix_blend_mode et_section_regular et_block_section\" >\n\t\t\t\t\n\t\t\t\t\n\t\t\t\t\n\t\t\t\t\n\t\t\t\t\n\t\t\t\t\n\t\t\t\t<div class=\"et_d4_element et_pb_row et_pb_row_0 et_pb_equal_columns et_pb_gutters2  et_pb_css_mix_blend_mode et_block_row\">\n\t\t\t\t<div class=\"et_d4_element et_pb_column_1_5 et_pb_column et_pb_column_0  et_pb_css_mix_blend_mode et_block_column\">\n\t\t\t\t\n\t\t\t\t\n\t\t\t\t\n\t\t\t\t\n\t\t\t\t<div class=\"et_pb_module et_d4_element et_pb_image et_pb_image_0\">\n\t\t\t\t\n\t\t\t\t\n\t\t\t\t\n\t\t\t\t\n\t\t\t\t<span class=\"et_pb_image_wrap \"><img decoding=\"async\" src=\"https:\/\/www.sri.uff.br\/form\/wp-content\/uploads\/2021\/03\/ppe.png\" alt=\"\" title=\"\" \/><\/span>\n\t\t\t<\/div>\n\t\t\t<\/div><div class=\"et_d4_element et_pb_column_1_5 et_pb_column et_pb_column_1  et_pb_css_mix_blend_mode et_block_column\">\n\t\t\t\t\n\t\t\t\t\n\t\t\t\t\n\t\t\t\t\n\t\t\t\t<div class=\"et_pb_module et_d4_element et_pb_text et_pb_text_0  et_pb_text_align_left et_pb_bg_layout_light\">\n\t\t\t\t\n\t\t\t\t\n\t\t\t\t\n\t\t\t\t\n\t\t\t\t<div class=\"et_pb_text_inner\"><h2><small>Inscri\u00e7\u00e3o<br \/>\n<\/small>Portugu\u00eas para Estrangeiros<\/h2><\/div>\n\t\t\t<\/div>\n\t\t\t<\/div><div class=\"et_d4_element et_pb_column_1_5 et_pb_column et_pb_column_2  et_pb_css_mix_blend_mode et_block_column\">\n\t\t\t\t\n\t\t\t\t\n\t\t\t\t\n\t\t\t\t\n\t\t\t\t<div class=\"et_pb_module et_d4_element et_pb_text et_pb_text_1  et_pb_text_align_left et_pb_bg_layout_light\">\n\t\t\t\t\n\t\t\t\t\n\t\t\t\t\n\t\t\t\t\n\t\t\t\t<div class=\"et_pb_text_inner\"><h2><small>Enrollment<br \/>\n<\/small>Portuguese for Foreigners<\/h2><\/div>\n\t\t\t<\/div>\n\t\t\t<\/div><div class=\"et_d4_element et_pb_column_1_5 et_pb_column et_pb_column_3  et_pb_css_mix_blend_mode et_block_column\">\n\t\t\t\t\n\t\t\t\t\n\t\t\t\t\n\t\t\t\t\n\t\t\t\t<div class=\"et_pb_module et_d4_element et_pb_text et_pb_text_2  et_pb_text_align_left et_pb_bg_layout_light\">\n\t\t\t\t\n\t\t\t\t\n\t\t\t\t\n\t\t\t\t\n\t\t\t\t<div class=\"et_pb_text_inner\"><h2><small>Inscripci\u00f3n<br \/>\n<\/small>Portugu\u00e9s para Extranjeros<\/h2><\/div>\n\t\t\t<\/div>\n\t\t\t<\/div><div class=\"et_d4_element et_pb_column_1_5 et_pb_column et_pb_column_4  et_pb_css_mix_blend_mode et-last-child et_block_column\">\n\t\t\t\t\n\t\t\t\t\n\t\t\t\t\n\t\t\t\t\n\t\t\t\t<div class=\"et_pb_module et_d4_element et_pb_text et_pb_text_3  et_pb_text_align_left et_pb_bg_layout_light\">\n\t\t\t\t\n\t\t\t\t\n\t\t\t\t\n\t\t\t\t\n\t\t\t\t<div class=\"et_pb_text_inner\"><h2><small>Inscription<br \/><\/small>Portugais pour les \u00e9trang\u00e8res<\/h2><\/div>\n\t\t\t<\/div>\n\t\t\t<\/div>\n\t\t\t\t\n\t\t\t\t\n\t\t\t\t\n\t\t\t\t\n\t\t\t<\/div><div class=\"et_d4_element et_pb_row et_pb_row_1 et_pb_equal_columns et_pb_gutters3  et_pb_css_mix_blend_mode et_block_row\">\n\t\t\t\t<div class=\"et_d4_element et_pb_column_4_4 et_pb_column et_pb_column_5  et_pb_css_mix_blend_mode et-last-child et_block_column\">\n\t\t\t\t\n\t\t\t\t\n\t\t\t\t\n\t\t\t\t\n\t\t\t\t<div class=\"et_pb_module et_d4_element et_pb_code et_pb_code_0\">\n\t\t\t\t\n\t\t\t\t\n\t\t\t\t\n\t\t\t\t\n\t\t\t\t<div class=\"et_pb_code_inner\"><p>Desculpe, este formul\u00e1rio n\u00e3o aceita novas inscri\u00e7\u00f5es no momento. Por favor entre em contato com mobilidadeinsri@id.uff.br para mais informa\u00e7\u00f5es.<br \/>\r\n<i>Sorry, this form does not accept new applications at the moment. Please contact mobilidadeinsri@id.uff.br for more information.<\/i><\/p><\/div>\n\t\t\t<\/div>\n\t\t\t<\/div>\n\t\t\t\t\n\t\t\t\t\n\t\t\t\t\n\t\t\t\t\n\t\t\t<\/div>\n\t\t\t\t\n\t\t\t\t\n\t\t\t<\/div>\n","protected":false},"excerpt":{"rendered":"","protected":false},"author":1,"featured_media":0,"parent":0,"menu_order":0,"comment_status":"closed","ping_status":"closed","template":"","meta":{"_et_pb_use_builder":"on","_et_pb_old_content":"<div class=\"row align-items-center\">\r\n<div class=\"col-3\"><img src=\"https:\/\/www.sri.uff.br\/form\/wp-content\/uploads\/2021\/03\/ppe.png\" width=\"200\" height=\"200\" \/><\/div>\r\n<div class=\"col\"><h2><small>Inscri\u00e7\u00e3o<\/small><\/br>Portugu\u00eas para Estrangeiros<\/h2><\/div>\r\n<div class=\"col\"><h2><small>Enrollment<\/small><\/br>Portuguese for Foreigners<\/h2><\/div>\r\n<div class=\"col\"><h2><small>Inscripci\u00f3n<\/small><\/br>Portugu\u00e9s para Extranjeros<\/h2><\/div>\r\n<div class=\"col\"><h2><small>Inscription<\/small><\/br>Portugais pour les \u00e9trangeres<\/h2><\/div>\r\n<\/div>\r\n<br \/>\r\n[gravityform id=\"7\" title=\"false\" description=\"false\"]","_et_gb_content_width":"","footnotes":""},"class_list":["post-246","page","type-page","status-publish","hentry"],"_links":{"self":[{"href":"https:\/\/www.sri.uff.br\/form\/wp-json\/wp\/v2\/pages\/246","targetHints":{"allow":["GET"]}}],"collection":[{"href":"https:\/\/www.sri.uff.br\/form\/wp-json\/wp\/v2\/pages"}],"about":[{"href":"https:\/\/www.sri.uff.br\/form\/wp-json\/wp\/v2\/types\/page"}],"author":[{"embeddable":true,"href":"https:\/\/www.sri.uff.br\/form\/wp-json\/wp\/v2\/users\/1"}],"replies":[{"embeddable":true,"href":"https:\/\/www.sri.uff.br\/form\/wp-json\/wp\/v2\/comments?post=246"}],"version-history":[{"count":4,"href":"https:\/\/www.sri.uff.br\/form\/wp-json\/wp\/v2\/pages\/246\/revisions"}],"predecessor-version":[{"id":711,"href":"https:\/\/www.sri.uff.br\/form\/wp-json\/wp\/v2\/pages\/246\/revisions\/711"}],"wp:attachment":[{"href":"https:\/\/www.sri.uff.br\/form\/wp-json\/wp\/v2\/media?parent=246"}],"curies":[{"name":"wp","href":"https:\/\/api.w.org\/{rel}","templated":true}]}}